{"id":6116,"date":"2024-03-10T15:17:04","date_gmt":"2024-03-10T15:17:04","guid":{"rendered":"https:\/\/tarragona.globalcruiseports.com\/destino\/special-tips\/"},"modified":"2026-02-06T10:49:40","modified_gmt":"2026-02-06T10:49:40","slug":"consejos-especiales","status":"publish","type":"page","link":"https:\/\/tarragonacruiseport.com\/es\/destino\/consejos-especiales\/","title":{"rendered":"Consejos especiales"},"content":{"rendered":"\r\n<section class=\"section page page-bg-light \">\r\n\t<style>\r\n                .page-header-bg {\r\n                    background-image: url(https:\/\/tarragonacruiseport.com\/wp-content\/uploads\/sites\/42\/2025\/10\/Untitled-design-4-4.jpg);\r\n                    background-size: cover;\r\n                    background-position: center;\r\n                }\r\n\t\t\t\t.hero-content{\r\n\t\t\t\t    top: 50%;\r\n    \t\t\t\tposition: absolute;\r\n    \t\t\t\ttransform: translateY(-50%);\r\n\t\t\t\t}\r\n              <\/style><div class=\"page-header-bg pr\">\t<div class=\"container w100\">\r\n\t\t<div class=\"row flex hero-content\">\r\n\t\t\t<div class=\"cl-12 page-header\">\r\n\t\t\t<h5 class=\"uppercase\">\r\n\tDESTINO >  Consejos especiales<\/h5>\r\n\r\n\t\t\t\t<h1><\/h1>\r\n\t\t\t<\/div>\r\n\t\t<\/div>\r\n\t<\/div>\r\n\t<\/div>\r\n<\/section>\r\n\r\n<div class=\"section-page-top-menu-wrapper\">\r\n\t<nav class=\"menu-class\"><ul id=\"menu-destination\" class=\"menu flex align-i-center justify-c-center\"><li id=\"menu-item-906\" class=\"menu-item menu-item-type-post_type menu-item-object-page menu-item-906\"><a href=\"https:\/\/tarragonacruiseport.com\/destination\/events\/\">Eventos<\/a><\/li>\n<li id=\"menu-item-910\" class=\"menu-item menu-item-type-post_type menu-item-object-page menu-item-910\"><a href=\"https:\/\/tarragonacruiseport.com\/destination\/top-attractions\/\">Principales atracciones<\/a><\/li>\n<li id=\"menu-item-911\" class=\"menu-item menu-item-type-post_type menu-item-object-page menu-item-911\"><a href=\"https:\/\/tarragonacruiseport.com\/destination\/what-to-buy\/\">Qu\u00e9 comprar<\/a><\/li>\n<li id=\"menu-item-909\" class=\"menu-item menu-item-type-post_type menu-item-object-page menu-item-909\"><a href=\"https:\/\/tarragonacruiseport.com\/destination\/special-tips\/\">Consejos especiales<\/a><\/li>\n<\/ul><\/nav><\/div>\r\n\r\n<script>\r\n\tdocument.addEventListener(\"DOMContentLoaded\", function () {\r\n    \/\/ Sadece mobilde \u00e7al\u0131\u015ft\u0131r\r\n    if (window.innerWidth <= 768) {\r\n        var currentMenuItem = document.querySelector(\"#menu-destination .current-menu-item\");\r\n        if (currentMenuItem) {\r\n            currentMenuItem.scrollIntoView({\r\n                behavior: \"smooth\",\r\n                block: \"nearest\",\r\n                inline: \"center\"\r\n            });\r\n        }\r\n    }\r\n});\r\n\r\n<\/script>\r\n\r\n<section class=\"section section-content-title \">\r\n\t<div class=\"container\">\r\n\t\t<div class=\"row flex align-i-center\">\r\n\t\t\t<div class=\"cl-5\">\r\n\t\t\t\t<h3><\/h3>\r\n\t\t\t\t<h2>\r\n\t\t\t\t\tGu\u00eda del experto\t\t\t\t\t<br>\r\n\t\t\t\t\t<span class=\"primary-color\">Consejos especiales<\/span>\r\n\t\t\t\t<\/h2>\r\n\t\t\t<\/div>\r\n\t\t\t<div class=\"cl-7\">\r\n\t\t\t\t<p class=\"grey-color\">\u00a1Descubre los secretos con consejos especiales! Encuentra recomendaciones exclusivas de los locales para descubrir joyas ocultas, experiencias \u00fanicas y las mejores formas de aprovechar al m\u00e1ximo tu visita.<\/p>\r\n\t\t\t<\/div>\r\n\t\t<\/div>\r\n\t<\/div>\r\n<\/section>\r\n\r\n<section class=\"destination-posts-wrapper special-trips\">\r\n\t<div class=\"container\">\r\n\t\t<div id=\"posts-list-view\">\r\n\t\t\t<div class=\"row flex\">\r\n\t\t\t\t<div class=\"cl-12\">\r\n\t\t\t\t\t\r\n\t\t\t\t\t\t<div id=\"special-tips-container\" class=\"row flex flex-wrap list-posts\">\r\n\t\t\t\t\t\t\t<div class=\"cl-4\" id=\"pID-5454\">\r\n\t<div class=\"item\">\r\n\t\t<div class=\"post-destinations-listing-image\">\r\n\t\t\t<img decoding=\"async\" src=\"https:\/\/tarragonacruiseport.com\/wp-content\/uploads\/sites\/42\/2025\/06\/sun-kapak.png\" alt=\"\" class=\"w100\" \/>\r\n\t\t\t\t\t\t<div class=\"post-destinations-badge\">\r\n\t\t\t\t\t\t\t\t<style>\r\n\t\t\t\t\t#badge-span-5454:before {\r\n\t\t\t\t\t\tborder-top-color: #a6a617\t\t\t\t\t}\r\n\t\t\t\t<\/style>\r\n\t\t\t\t<span id=\"badge-span-5454\" style=\"background-color: #eeee22\">\r\n\t\t\t\t\tSalud y Seguridad\t\t\t\t<\/span>\r\n\t\t\t<\/div>\r\n\t\t\t\t\t<\/div>\r\n\t\t<div class=\"post-destinations-title\">\r\n\t\t\tProt\u00e9gete del sol\t\t<\/div>\r\n\t\t<div class=\"post-destinations-summary\">\r\n\t\t\tDisfruta del sol, pero usa protector solar, toma descansos y mantente hidratado con bebidas sin alcohol para evitar golpes de calor\t\t<\/div>\r\n\t\t\t<\/div>\r\n<\/div><div class=\"cl-4\" id=\"pID-5492\">\r\n\t<div class=\"item\">\r\n\t\t<div class=\"post-destinations-listing-image\">\r\n\t\t\t<img decoding=\"async\" src=\"https:\/\/tarragonacruiseport.com\/wp-content\/uploads\/sites\/42\/2025\/06\/nada-kapak.png\" alt=\"\" class=\"w100\" \/>\r\n\t\t\t\t\t\t<div class=\"post-destinations-badge\">\r\n\t\t\t\t\t\t\t\t<style>\r\n\t\t\t\t\t#badge-span-5492:before {\r\n\t\t\t\t\t\tborder-top-color: #a6a617\t\t\t\t\t}\r\n\t\t\t\t<\/style>\r\n\t\t\t\t<span id=\"badge-span-5492\" style=\"background-color: #eeee22\">\r\n\t\t\t\t\tSalud y Seguridad\t\t\t\t<\/span>\r\n\t\t\t<\/div>\r\n\t\t\t\t\t<\/div>\r\n\t\t<div class=\"post-destinations-title\">\r\n\t\t\tNada con precauci\u00f3n\t\t<\/div>\r\n\t\t<div class=\"post-destinations-summary\">\r\n\t\t\tNo nades solo y ten precauci\u00f3n si decides nadar temprano por la ma\u00f1ana o despu\u00e9s del anochecer.\t\t<\/div>\r\n\t\t\t<\/div>\r\n<\/div><div class=\"cl-4\" id=\"pID-5497\">\r\n\t<div class=\"item\">\r\n\t\t<div class=\"post-destinations-listing-image\">\r\n\t\t\t<img decoding=\"async\" src=\"https:\/\/tarragonacruiseport.com\/wp-content\/uploads\/sites\/42\/2025\/06\/fallow-kapakk.png\" alt=\"\" class=\"w100\" \/>\r\n\t\t\t\t\t\t<div class=\"post-destinations-badge\">\r\n\t\t\t\t\t\t\t\t<style>\r\n\t\t\t\t\t#badge-span-5497:before {\r\n\t\t\t\t\t\tborder-top-color: #a6a617\t\t\t\t\t}\r\n\t\t\t\t<\/style>\r\n\t\t\t\t<span id=\"badge-span-5497\" style=\"background-color: #eeee22\">\r\n\t\t\t\t\tSalud y Seguridad\t\t\t\t<\/span>\r\n\t\t\t<\/div>\r\n\t\t\t\t\t<\/div>\r\n\t\t<div class=\"post-destinations-title\">\r\n\t\t\tCumple las leyes locales\t\t<\/div>\r\n\t\t<div class=\"post-destinations-summary\">\r\n\t\t\tLa compra y el uso de marihuana son ilegales y est\u00e1n sujetos a estrictas sanciones.\t\t<\/div>\r\n\t\t\t<\/div>\r\n<\/div><div class=\"cl-4\" id=\"pID-5513\">\r\n\t<div class=\"item\">\r\n\t\t<div class=\"post-destinations-listing-image\">\r\n\t\t\t<img decoding=\"async\" src=\"https:\/\/tarragonacruiseport.com\/wp-content\/uploads\/sites\/42\/2025\/06\/Untitled-design-5.jpg\" alt=\"\" class=\"w100\" \/>\r\n\t\t\t\t\t\t<div class=\"post-destinations-badge\">\r\n\t\t\t\t\t\t\t\t<style>\r\n\t\t\t\t\t#badge-span-5513:before {\r\n\t\t\t\t\t\tborder-top-color: #5a962e\t\t\t\t\t}\r\n\t\t\t\t<\/style>\r\n\t\t\t\t<span id=\"badge-span-5513\" style=\"background-color: #81d742\">\r\n\t\t\t\t\tVisitas guiadas y excursiones\t\t\t\t<\/span>\r\n\t\t\t<\/div>\r\n\t\t\t\t\t<\/div>\r\n\t\t<div class=\"post-destinations-title\">\r\n\t\t\tElige operadores autorizados\t\t<\/div>\r\n\t\t<div class=\"post-destinations-summary\">\r\n\t\t\tAcepta \u00fanicamente traslados de operadores autorizados en tierra y mar, incluidos taxis y operadores de embarcaciones como taxis acu\u00e1ticos, motos de agua, banana boats, lanchas r\u00e1pidas, etc.\t\t<\/div>\r\n\t\t\t<\/div>\r\n<\/div><div class=\"cl-4\" id=\"pID-5518\">\r\n\t<div class=\"item\">\r\n\t\t<div class=\"post-destinations-listing-image\">\r\n\t\t\t<img decoding=\"async\" src=\"https:\/\/tarragonacruiseport.com\/wp-content\/uploads\/sites\/42\/2025\/06\/Untitled-design-8.jpg\" alt=\"\" class=\"w100\" \/>\r\n\t\t\t\t\t\t<div class=\"post-destinations-badge\">\r\n\t\t\t\t\t\t\t\t<style>\r\n\t\t\t\t\t#badge-span-5518:before {\r\n\t\t\t\t\t\tborder-top-color: #5a962e\t\t\t\t\t}\r\n\t\t\t\t<\/style>\r\n\t\t\t\t<span id=\"badge-span-5518\" style=\"background-color: #81d742\">\r\n\t\t\t\t\tVisitas guiadas y excursiones\t\t\t\t<\/span>\r\n\t\t\t<\/div>\r\n\t\t\t\t\t<\/div>\r\n\t\t<div class=\"post-destinations-title\">\r\n\t\t\tConoce tus l\u00edmites\t\t<\/div>\r\n\t\t<div class=\"post-destinations-summary\">\r\n\t\t\tSi tienes problemas m\u00e9dicos que puedan afectar tu capacidad para participar en excursiones exigentes, por favor, considera esto antes de realizar cualquier actividad o tour acu\u00e1tico.\t\t<\/div>\r\n\t\t\t<\/div>\r\n<\/div><div class=\"cl-4\" id=\"pID-5523\">\r\n\t<div class=\"item\">\r\n\t\t<div class=\"post-destinations-listing-image\">\r\n\t\t\t<img decoding=\"async\" src=\"https:\/\/tarragonacruiseport.com\/wp-content\/uploads\/sites\/42\/2025\/06\/Untitled-design-9.jpg\" alt=\"\" class=\"w100\" \/>\r\n\t\t\t\t\t\t<div class=\"post-destinations-badge\">\r\n\t\t\t\t\t\t\t\t<style>\r\n\t\t\t\t\t#badge-span-5523:before {\r\n\t\t\t\t\t\tborder-top-color: #5a962e\t\t\t\t\t}\r\n\t\t\t\t<\/style>\r\n\t\t\t\t<span id=\"badge-span-5523\" style=\"background-color: #81d742\">\r\n\t\t\t\t\tVisitas guiadas y excursiones\t\t\t\t<\/span>\r\n\t\t\t<\/div>\r\n\t\t\t\t\t<\/div>\r\n\t\t<div class=\"post-destinations-title\">\r\n\t\t\tReserva excursiones de confianza\t\t<\/div>\r\n\t\t<div class=\"post-destinations-summary\">\r\n\t\t\tAl reservar una excursi\u00f3n, trabaja directamente con tu hotel, la l\u00ednea de cruceros u otro proveedor de viajes para encontrar un operador tur\u00edstico de confianza.\t\t<\/div>\r\n\t\t\t<\/div>\r\n<\/div>\t\t\t\t\t\t<\/div>\r\n\t\t\t\t\t\t\r\n\t\t\t\t\t\r\n\t\t\t\t<\/div>\r\n\t\t\t<\/div>\r\n\t\t<\/div>\r\n\t<\/div>\r\n<\/section>\r\n\r\n\n\n\r\n\r\n\t<section class=\"section section-content-title section-destinations-others-slider-row footer-space-mr \">\r\n\t\t<div class=\"container\">\r\n\t\t\t<div class=\"row flex align-i-center\">\r\n\t\t\t\t<div class=\"cl-5\">\r\n\t\t\t\t\t\t\t\t\t\t\t<h3>M\u00c1S POR DESCUBRIR<\/h3>\r\n\t\t\t\t\t\t\t\t\t\t<h2>\r\n\t\t\t\t\t\tCelebremos juntos nuestras tradiciones.\t\t\t\t\t\t<br>\r\n\t\t\t\t\t\t<span class=\"primary-color\">Eventos<\/span>\r\n\t\t\t\t\t<\/h2>\r\n\t\t\t\t<\/div>\r\n\t\t\t\t<div class=\"cl-7\">\r\n\t\t\t\t\t<p class=\"grey-color\">Un destino vibrante con una variedad de eventos y experiencias para disfrutar durante todo el a\u00f1o. Desde celebraciones culturales hasta exhibiciones locales, cada visita ofrece algo nuevo por descubrir.<\/p>\r\n\t\t\t\t<\/div>\r\n\t\t\t<\/div>\r\n\t\t\t<div class=\"row flex align-i-center destination-other-posts-wrapper\">\r\n\t\t\t\t\r\n\t\t\t\t\t\t\t\t\t\t\t\t<div class=\"cl-4\" id=\"pID-11606\">\r\n\t\t\t\t\t\t\t<div class=\"item\">\r\n\t\t\t\t\t\t\t\t<div class=\"post-destinations-listing-image\">\r\n\t\t\t\t\t\t\t\t\t<img decoding=\"async\" src=\"https:\/\/tarragonacruiseport.com\/wp-content\/uploads\/sites\/42\/2024\/11\/e9-kapak.png\" alt=\"\" class=\"w100\" \/>\r\n\t\t\t\t\t\t\t\t\t\t\t\t\t\t\t\t\t<\/div>\r\n\t\t\t\t\t\t\t\t<div class=\"post-destinations-title\">\r\n\t\t\t\t\t\t\t\t\tV\u00edspera y D\u00eda de San Juan\t\t\t\t\t\t\t\t<\/div>\r\n\t\t\t\t\t\t\t\t<div class=\"post-destinations-learn-more\">\r\n\t\t\t\t\t\t\t\t\t<a href=\"https:\/\/tarragonacruiseport.com\/es\/?post_type=events&#038;p=11606\" class=\"cta primary-color\">\r\n\t\t\t\t\t\t\t\t\t\tM\u00c1S INFORMACI\u00d3N\t\t\t\t\t\t\t\t\t\t<svg xmlns=\"http:\/\/www.w3.org\/2000\/svg\" width=\"12.828\" height=\"12.829\" viewBox=\"0 0 12.828 12.829\">\r\n\t\t\t\t\t\t\t\t\t\t\t<g id=\"Icon_feather-arrow-up-right\" data-name=\"Icon feather-arrow-up-right\" transform=\"translate(-9.086 -9.086)\">\r\n\t\t\t\t\t\t\t\t\t\t\t\t<path id=\"Path_3\" data-name=\"Path 3\" d=\"M10.5,20.5l10-10\" fill=\"none\" class=\"primary-stroke\" stroke-linecap=\"round\" stroke-linejoin=\"round\" stroke-width=\"2\"><\/path>\r\n\t\t\t\t\t\t\t\t\t\t\t\t<path id=\"Path_4\" data-name=\"Path 4\" d=\"M10.5,10.5h10v10\" fill=\"none\" class=\"primary-stroke\" stroke-linecap=\"round\" stroke-linejoin=\"round\" stroke-width=\"2\"><\/path>\r\n\t\t\t\t\t\t\t\t\t\t\t<\/g>\r\n\t\t\t\t\t\t\t\t\t\t<\/svg>\r\n\t\t\t\t\t\t\t\t\t<\/a>\r\n\t\t\t\t\t\t\t\t<\/div>\r\n\t\t\t\t\t\t\t<\/div>\r\n\t\t\t\t\t\t<\/div>\r\n\r\n\t\t\t\t\r\n\t\t\t\t\t\t\t\t\t\t\t\t<div class=\"cl-4\" id=\"pID-11597\">\r\n\t\t\t\t\t\t\t<div class=\"item\">\r\n\t\t\t\t\t\t\t\t<div class=\"post-destinations-listing-image\">\r\n\t\t\t\t\t\t\t\t\t<img decoding=\"async\" src=\"https:\/\/tarragonacruiseport.com\/wp-content\/uploads\/sites\/42\/2024\/11\/e4-kapak.png\" alt=\"\" class=\"w100\" \/>\r\n\t\t\t\t\t\t\t\t\t\t\t\t\t\t\t\t\t<\/div>\r\n\t\t\t\t\t\t\t\t<div class=\"post-destinations-title\">\r\n\t\t\t\t\t\t\t\t\tDiada de Sant Jordi\t\t\t\t\t\t\t\t<\/div>\r\n\t\t\t\t\t\t\t\t<div class=\"post-destinations-learn-more\">\r\n\t\t\t\t\t\t\t\t\t<a href=\"https:\/\/tarragonacruiseport.com\/es\/?post_type=events&#038;p=11597\" class=\"cta primary-color\">\r\n\t\t\t\t\t\t\t\t\t\tM\u00c1S INFORMACI\u00d3N\t\t\t\t\t\t\t\t\t\t<svg xmlns=\"http:\/\/www.w3.org\/2000\/svg\" width=\"12.828\" height=\"12.829\" viewBox=\"0 0 12.828 12.829\">\r\n\t\t\t\t\t\t\t\t\t\t\t<g id=\"Icon_feather-arrow-up-right\" data-name=\"Icon feather-arrow-up-right\" transform=\"translate(-9.086 -9.086)\">\r\n\t\t\t\t\t\t\t\t\t\t\t\t<path id=\"Path_3\" data-name=\"Path 3\" d=\"M10.5,20.5l10-10\" fill=\"none\" class=\"primary-stroke\" stroke-linecap=\"round\" stroke-linejoin=\"round\" stroke-width=\"2\"><\/path>\r\n\t\t\t\t\t\t\t\t\t\t\t\t<path id=\"Path_4\" data-name=\"Path 4\" d=\"M10.5,10.5h10v10\" fill=\"none\" class=\"primary-stroke\" stroke-linecap=\"round\" stroke-linejoin=\"round\" stroke-width=\"2\"><\/path>\r\n\t\t\t\t\t\t\t\t\t\t\t<\/g>\r\n\t\t\t\t\t\t\t\t\t\t<\/svg>\r\n\t\t\t\t\t\t\t\t\t<\/a>\r\n\t\t\t\t\t\t\t\t<\/div>\r\n\t\t\t\t\t\t\t<\/div>\r\n\t\t\t\t\t\t<\/div>\r\n\r\n\t\t\t\t\r\n\t\t\t\t\t\t\t\t\t\t\t\t<div class=\"cl-4\" id=\"pID-11613\">\r\n\t\t\t\t\t\t\t<div class=\"item\">\r\n\t\t\t\t\t\t\t\t<div class=\"post-destinations-listing-image\">\r\n\t\t\t\t\t\t\t\t\t<img decoding=\"async\" src=\"https:\/\/tarragonacruiseport.com\/wp-content\/uploads\/sites\/42\/2024\/11\/e12-kapak.png\" alt=\"\" class=\"w100\" \/>\r\n\t\t\t\t\t\t\t\t\t\t\t\t\t\t\t\t\t<\/div>\r\n\t\t\t\t\t\t\t\t<div class=\"post-destinations-title\">\r\n\t\t\t\t\t\t\t\t\tFiestas de Santa Tecla\t\t\t\t\t\t\t\t<\/div>\r\n\t\t\t\t\t\t\t\t<div class=\"post-destinations-learn-more\">\r\n\t\t\t\t\t\t\t\t\t<a href=\"https:\/\/tarragonacruiseport.com\/es\/?post_type=events&#038;p=11613\" class=\"cta primary-color\">\r\n\t\t\t\t\t\t\t\t\t\tM\u00c1S INFORMACI\u00d3N\t\t\t\t\t\t\t\t\t\t<svg xmlns=\"http:\/\/www.w3.org\/2000\/svg\" width=\"12.828\" height=\"12.829\" viewBox=\"0 0 12.828 12.829\">\r\n\t\t\t\t\t\t\t\t\t\t\t<g id=\"Icon_feather-arrow-up-right\" data-name=\"Icon feather-arrow-up-right\" transform=\"translate(-9.086 -9.086)\">\r\n\t\t\t\t\t\t\t\t\t\t\t\t<path id=\"Path_3\" data-name=\"Path 3\" d=\"M10.5,20.5l10-10\" fill=\"none\" class=\"primary-stroke\" stroke-linecap=\"round\" stroke-linejoin=\"round\" stroke-width=\"2\"><\/path>\r\n\t\t\t\t\t\t\t\t\t\t\t\t<path id=\"Path_4\" data-name=\"Path 4\" d=\"M10.5,10.5h10v10\" fill=\"none\" class=\"primary-stroke\" stroke-linecap=\"round\" stroke-linejoin=\"round\" stroke-width=\"2\"><\/path>\r\n\t\t\t\t\t\t\t\t\t\t\t<\/g>\r\n\t\t\t\t\t\t\t\t\t\t<\/svg>\r\n\t\t\t\t\t\t\t\t\t<\/a>\r\n\t\t\t\t\t\t\t\t<\/div>\r\n\t\t\t\t\t\t\t<\/div>\r\n\t\t\t\t\t\t<\/div>\r\n\r\n\t\t\t\t\r\n\t\t\t\t\t\t\t\t\t\t\t\t<div class=\"cl-4\" id=\"pID-11612\">\r\n\t\t\t\t\t\t\t<div class=\"item\">\r\n\t\t\t\t\t\t\t\t<div class=\"post-destinations-listing-image\">\r\n\t\t\t\t\t\t\t\t\t<img decoding=\"async\" src=\"https:\/\/tarragonacruiseport.com\/wp-content\/uploads\/sites\/42\/2024\/11\/e11-kapak.png\" alt=\"\" class=\"w100\" \/>\r\n\t\t\t\t\t\t\t\t\t\t\t\t\t\t\t\t\t<\/div>\r\n\t\t\t\t\t\t\t\t<div class=\"post-destinations-title\">\r\n\t\t\t\t\t\t\t\t\tFiestas de Sant Magi\t\t\t\t\t\t\t\t<\/div>\r\n\t\t\t\t\t\t\t\t<div class=\"post-destinations-learn-more\">\r\n\t\t\t\t\t\t\t\t\t<a href=\"https:\/\/tarragonacruiseport.com\/es\/?post_type=events&#038;p=11612\" class=\"cta primary-color\">\r\n\t\t\t\t\t\t\t\t\t\tM\u00c1S INFORMACI\u00d3N\t\t\t\t\t\t\t\t\t\t<svg xmlns=\"http:\/\/www.w3.org\/2000\/svg\" width=\"12.828\" height=\"12.829\" viewBox=\"0 0 12.828 12.829\">\r\n\t\t\t\t\t\t\t\t\t\t\t<g id=\"Icon_feather-arrow-up-right\" data-name=\"Icon feather-arrow-up-right\" transform=\"translate(-9.086 -9.086)\">\r\n\t\t\t\t\t\t\t\t\t\t\t\t<path id=\"Path_3\" data-name=\"Path 3\" d=\"M10.5,20.5l10-10\" fill=\"none\" class=\"primary-stroke\" stroke-linecap=\"round\" stroke-linejoin=\"round\" stroke-width=\"2\"><\/path>\r\n\t\t\t\t\t\t\t\t\t\t\t\t<path id=\"Path_4\" data-name=\"Path 4\" d=\"M10.5,10.5h10v10\" fill=\"none\" class=\"primary-stroke\" stroke-linecap=\"round\" stroke-linejoin=\"round\" stroke-width=\"2\"><\/path>\r\n\t\t\t\t\t\t\t\t\t\t\t<\/g>\r\n\t\t\t\t\t\t\t\t\t\t<\/svg>\r\n\t\t\t\t\t\t\t\t\t<\/a>\r\n\t\t\t\t\t\t\t\t<\/div>\r\n\t\t\t\t\t\t\t<\/div>\r\n\t\t\t\t\t\t<\/div>\r\n\r\n\t\t\t\t\r\n\t\t\t<\/div>\r\n\t\t<\/div>\r\n\t<\/section>\r\n","protected":false},"excerpt":{"rendered":"","protected":false},"author":1,"featured_media":0,"parent":6037,"menu_order":68,"comment_status":"closed","ping_status":"closed","template":"","meta":{"_acf_changed":false,"footnotes":""},"class_list":["post-6116","page","type-page","status-publish","hentry"],"acf":[],"_links":{"self":[{"href":"https:\/\/tarragonacruiseport.com\/es\/wp-json\/wp\/v2\/pages\/6116","targetHints":{"allow":["GET"]}}],"collection":[{"href":"https:\/\/tarragonacruiseport.com\/es\/wp-json\/wp\/v2\/pages"}],"about":[{"href":"https:\/\/tarragonacruiseport.com\/es\/wp-json\/wp\/v2\/types\/page"}],"author":[{"embeddable":true,"href":"https:\/\/tarragonacruiseport.com\/es\/wp-json\/wp\/v2\/users\/1"}],"replies":[{"embeddable":true,"href":"https:\/\/tarragonacruiseport.com\/es\/wp-json\/wp\/v2\/comments?post=6116"}],"version-history":[{"count":7,"href":"https:\/\/tarragonacruiseport.com\/es\/wp-json\/wp\/v2\/pages\/6116\/revisions"}],"predecessor-version":[{"id":12575,"href":"https:\/\/tarragonacruiseport.com\/es\/wp-json\/wp\/v2\/pages\/6116\/revisions\/12575"}],"up":[{"embeddable":true,"href":"https:\/\/tarragonacruiseport.com\/es\/wp-json\/wp\/v2\/pages\/6037"}],"wp:attachment":[{"href":"https:\/\/tarragonacruiseport.com\/es\/wp-json\/wp\/v2\/media?parent=6116"}],"curies":[{"name":"wp","href":"https:\/\/api.w.org\/{rel}","templated":true}]}}