{"id":6146,"date":"2024-03-10T15:14:41","date_gmt":"2024-03-10T15:14:41","guid":{"rendered":"https:\/\/tarragona.globalcruiseports.com\/parking\/"},"modified":"2026-02-06T10:54:12","modified_gmt":"2026-02-06T10:54:12","slug":"aparcamiento","status":"publish","type":"page","link":"https:\/\/tarragonacruiseport.com\/es\/aparcamiento\/","title":{"rendered":"Aparcamiento"},"content":{"rendered":"\r\n<section class=\"section page page-bg-light  \">\r\n\t<style>\r\n                .page-header-bg {\r\n                    background-image: url(https:\/\/tarragonacruiseport.com\/wp-content\/uploads\/sites\/42\/2025\/09\/park-hero.png);\r\n                    background-size: cover;\r\n                    background-position: center;\r\n                }\r\n\t\t\t\t.hero-content{\r\n\t\t\t\t    top: 50%;\r\n    \t\t\t\tposition: absolute;\r\n    \t\t\t\ttransform: translateY(-50%);\r\n\t\t\t\t}\r\n              <\/style><div class=\"page-header-bg pr\">\t<div class=\"container w100\">\r\n\t\t<div class=\"row flex hero-content\">\r\n\t\t\t<div class=\"cl-12 page-header\">\r\n\t\t\t\t<h5>Aparcamiento<\/h5>\r\n\t\t\t\t<h1>Aparcamiento<\/h1>\r\n\t\t\t<\/div>\r\n\t\t<\/div>\r\n\t<\/div>\r\n\t<\/div>\r\n<\/section>\r\n\r\n<section class=\"section mb-4\">\r\n\t<div class=\"schedule-container\">\r\n\t\t<div class=\"container\">\r\n\t\t\t<div class=\"row flex align-i-center justify-c-center\">\r\n\t\t\t\t<div class=\"cl-12\">\r\n\t\t\t\t\t<div class=\"\">\r\n\t\t\t\t\t\t<div class=\"row flex page-sub-menu\">\r\n\t\t\t\t\t\t\t<div class=\"cl-12\">\r\n\t\t\t\t\t\t\t\t<nav class=\"menu-class\"><ul id=\"menu-transportation-parking\" class=\"menu flex align-i-center justify-c-center\"><li id=\"menu-item-1043\" class=\"menu-item menu-item-type-post_type menu-item-object-page menu-item-1043\"><a href=\"https:\/\/tarragonacruiseport.com\/transportation\/\">Transporte<\/a><\/li>\n<li id=\"menu-item-1044\" class=\"menu-item menu-item-type-post_type menu-item-object-page menu-item-1044\"><a href=\"https:\/\/tarragonacruiseport.com\/parking\/\">Aparcamiento<\/a><\/li>\n<\/ul><\/nav>\t\t\t\t\t\t\t<\/div>\r\n\t\t\t\t\t\t<\/div>\r\n\t\t\t\t\t\t<div class=\"row flex align-i-center\">\r\n\t\t\t\t\t\t\t<div class=\"cl-5\">\r\n\t\t\t\t\t\t\t\t<h2>\r\n\t\t\t\t\t\t\t\t\tAparcamiento en\t\t\t\t\t\t\t\t\t<br>\r\n\t\t\t\t\t\t\t\t\t<span class=\"primary-color\">Tarragona Cruise Port<\/span>\r\n\t\t\t\t\t\t\t\t<\/h2>\r\n\t\t\t\t\t\t\t<\/div>\r\n\t\t\t\t\t\t\t<div class=\"cl-7\">\r\n\t\t\t\t\t\t\t\t<p class=\"grey-color\">Llegar a Tarragona y salir de ella es muy f\u00e1cil. Ya sea que llegues en coche, transporte p\u00fablico u otros medios, encontrar\u00e1s opciones de viaje convenientes y aparcamiento para garantizar un desplazamiento sin problemas.<\/p>\r\n\t\t\t\t\t\t\t<\/div>\r\n\t\t\t\t\t\t<\/div>\r\n\t\t\t\t\t\t<div class=\"row flex parking-booking-wrapper align-i-center\">\r\n\t\t\t\t\t\t\t<div class=\"cl-4\">\r\n\t\t\t\t\t\t\t\t<h3>Reserva de aparcamiento<\/h3>\r\n\t\t\t\t\t\t\t\t<p><p>Existen opciones de aparcamiento c\u00f3modas para los pasajeros de cruceros, ofreciendo un acceso f\u00e1cil a la terminal. El aparcamiento puede gestionarse a trav\u00e9s de la propia reserva del crucero.<\/p>\n<\/p>\r\n\t\t\t\t\t\t\t\t\r\n\t\t\t\t\t\t\t<\/div>\r\n\t\t\t\t\t\t\t<div class=\"cl-7 offset-1\">\r\n\t\t\t\t\t\t\t\t<img decoding=\"async\" src=\"https:\/\/tarragonacruiseport.com\/wp-content\/uploads\/sites\/42\/2025\/03\/parking-scaled.jpg\" class=\"w100\" alt=\"\" \/>\r\n\t\t\t\t\t\t\t<\/div>\r\n\t\t\t\t\t\t<\/div>\r\n\t\t\t\t\t<\/div>\r\n\t\t\t\t<\/div>\r\n\t\t\t<\/div>\r\n\t\t<\/div>\r\n\t<\/div>\r\n<\/section>\r\n\r\n\r\n\n\n\r\n<style>\r\n\t.section-social-responsibilities .page-header-bg {\r\n\t\tbackground-image: url('http:\/\/1527');\r\n\t}\r\n<\/style>\r\n\r\n\n\n\n\n","protected":false},"excerpt":{"rendered":"","protected":false},"author":1,"featured_media":0,"parent":0,"menu_order":48,"comment_status":"closed","ping_status":"closed","template":"","meta":{"_acf_changed":false,"footnotes":""},"class_list":["post-6146","page","type-page","status-publish","hentry"],"acf":[],"_links":{"self":[{"href":"https:\/\/tarragonacruiseport.com\/es\/wp-json\/wp\/v2\/pages\/6146","targetHints":{"allow":["GET"]}}],"collection":[{"href":"https:\/\/tarragonacruiseport.com\/es\/wp-json\/wp\/v2\/pages"}],"about":[{"href":"https:\/\/tarragonacruiseport.com\/es\/wp-json\/wp\/v2\/types\/page"}],"author":[{"embeddable":true,"href":"https:\/\/tarragonacruiseport.com\/es\/wp-json\/wp\/v2\/users\/1"}],"replies":[{"embeddable":true,"href":"https:\/\/tarragonacruiseport.com\/es\/wp-json\/wp\/v2\/comments?post=6146"}],"version-history":[{"count":11,"href":"https:\/\/tarragonacruiseport.com\/es\/wp-json\/wp\/v2\/pages\/6146\/revisions"}],"predecessor-version":[{"id":12585,"href":"https:\/\/tarragonacruiseport.com\/es\/wp-json\/wp\/v2\/pages\/6146\/revisions\/12585"}],"wp:attachment":[{"href":"https:\/\/tarragonacruiseport.com\/es\/wp-json\/wp\/v2\/media?parent=6146"}],"curies":[{"name":"wp","href":"https:\/\/api.w.org\/{rel}","templated":true}]}}